{"id":1717,"date":"2013-07-31T14:37:52","date_gmt":"2013-07-31T12:37:52","guid":{"rendered":"http:\/\/2013.nordgau.at\/?page_id=1717"},"modified":"2021-09-15T08:15:14","modified_gmt":"2021-09-15T06:15:14","slug":"startseite","status":"publish","type":"page","link":"https:\/\/www.nordgau.at\/","title":{"rendered":"Gr\u00fc\u00df Gott!"},"content":{"rendered":"<p>Herzlich willkommen auf der Homepage der Katholischen \u00d6sterreichischen Hochschulverbindung Nordgau Wien im \u00d6CV!<\/p>\n<p>Schon in unserem Namen spiegeln sich die Grunds\u00e4tze, auf denen unsere\u00a0Verbindung basiert: der katholische Glaube, unser Bekenntnis zu \u00d6sterreich und das\u00a0lebenslange Streben nach Bildung, sei es auf der Universit\u00e4t, im Berufsleben oder\u00a0blo\u00df aus reinem Vergn\u00fcgen und pers\u00f6nlichem Interesse. Mit \u201eVerbindung\u201c ist mehr\u00a0als nur ein loser Freundeskreis gemeint: Unser viertes Prinzip, die\u00a0<em>amicitia<\/em>, bedeutet\u00a0Lebensfreundschaft.<br \/>\n<span style=\"color: #ffffff;\">\u00a0<\/span><\/p>\n","protected":false},"excerpt":{"rendered":"<p>Herzlich willkommen auf der Homepage der Katholischen \u00d6sterreichischen Hochschulverbindung Nordgau Wien im \u00d6CV! Schon in unserem Namen spiegeln sich die Grunds\u00e4tze, auf denen unsere\u00a0Verbindung basiert: der katholische Glaube, unser Bekenntnis zu \u00d6sterreich und das\u00a0lebenslange Streben nach Bildung, sei es auf der Universit\u00e4t, im Berufsleben oder\u00a0blo\u00df aus reinem Vergn\u00fcgen und pers\u00f6nlichem Interesse. Mit \u201eVerbindung\u201c ist mehr\u00a0als [&hellip;]<\/p>\n","protected":false},"author":1,"featured_media":0,"parent":0,"menu_order":1000,"comment_status":"closed","ping_status":"open","template":"","meta":{"footnotes":""},"class_list":["post-1717","page","type-page","status-publish","hentry"],"_links":{"self":[{"href":"https:\/\/www.nordgau.at\/index.php?rest_route=\/wp\/v2\/pages\/1717"}],"collection":[{"href":"https:\/\/www.nordgau.at\/index.php?rest_route=\/wp\/v2\/pages"}],"about":[{"href":"https:\/\/www.nordgau.at\/index.php?rest_route=\/wp\/v2\/types\/page"}],"author":[{"embeddable":true,"href":"https:\/\/www.nordgau.at\/index.php?rest_route=\/wp\/v2\/users\/1"}],"replies":[{"embeddable":true,"href":"https:\/\/www.nordgau.at\/index.php?rest_route=%2Fwp%2Fv2%2Fcomments&post=1717"}],"version-history":[{"count":93,"href":"https:\/\/www.nordgau.at\/index.php?rest_route=\/wp\/v2\/pages\/1717\/revisions"}],"predecessor-version":[{"id":3590,"href":"https:\/\/www.nordgau.at\/index.php?rest_route=\/wp\/v2\/pages\/1717\/revisions\/3590"}],"wp:attachment":[{"href":"https:\/\/www.nordgau.at\/index.php?rest_route=%2Fwp%2Fv2%2Fmedia&parent=1717"}],"curies":[{"name":"wp","href":"https:\/\/api.w.org\/{rel}","templated":true}]}}