{"id":1949,"date":"2013-08-01T12:00:59","date_gmt":"2013-08-01T10:00:59","guid":{"rendered":"http:\/\/2013.nordgau.at\/?page_id=1949"},"modified":"2015-04-29T22:45:36","modified_gmt":"2015-04-29T20:45:36","slug":"kontakt","status":"publish","type":"page","link":"https:\/\/www.nordgau.at\/?page_id=1949","title":{"rendered":"Kontakt"},"content":{"rendered":"<div id=\"wpgmza_map\" class=\"wpgmza_map\" data-settings='{\"id\":\"1\",\"map_title\":\"Lage der Bude\",\"map_width\":\"736\",\"map_height\":\"200\",\"map_start_lat\":\"48.214695\",\"map_start_lng\":\"16.368567\",\"map_start_location\":\"48.214694673859704,16.36856731750481\",\"map_start_zoom\":\"15\",\"default_marker\":\"\",\"type\":\"1\",\"alignment\":\"2\",\"directions_enabled\":\"0\",\"styling_enabled\":\"0\",\"styling_json\":\"\",\"active\":\"0\",\"kml\":\"\",\"bicycle\":\"0\",\"traffic\":\"0\",\"dbox\":\"0\",\"dbox_width\":\"\",\"listmarkers\":\"0\",\"listmarkers_advanced\":\"0\",\"filterbycat\":\"0\",\"ugm_enabled\":\"0\",\"fusion\":\"\",\"map_width_type\":\"px\",\"map_height_type\":\"px\",\"mass_marker_support\":\"1\",\"ugm_access\":\"0\",\"order_markers_by\":\"0\",\"order_markers_choice\":\"0\",\"show_user_location\":\"0\",\"ugm_category_enabled\":\"0\",\"default_to\":\"\",\"other_settings\":{\"transport_layer\":false,\"action\":\"wpgmza_save_map\",\"redirect_to\":\"\\\/wp-admin\\\/admin-post.php\",\"map_id\":\"1\",\"http_referer\":\"\\\/wp-admin\\\/admin.php?page=wp-google-maps-menu&amp;amp;action=edit&amp;amp;map_id=1\",\"wpgmza_id\":\"1\",\"wpgmza_start_location\":\"\",\"wpgmza_start_zoom\":\"4\",\"wpgmza_theme_data\":\"\",\"store_locator_enabled\":false,\"store_locator_search_area\":\"radial\",\"wpgmza_store_locator_radius_style\":\"legacy\",\"wpgmza_store_locator_default_radius\":\"10\",\"store_locator_auto_area_max_zoom\":\"\",\"store_locator_distance\":false,\"wpgmza_store_locator_position\":false,\"store_locator_show_distance\":false,\"store_locator_category\":false,\"wpgmza_store_locator_use_their_location\":false,\"wpgmza_store_locator_bounce\":false,\"wpgmza_sl_animation\":null,\"wpgmza_store_locator_hide_before_search\":false,\"store_locator_query_string\":\"\",\"store_locator_location_placeholder\":\"\",\"store_locator_default_address\":\"\",\"store_locator_name_search\":false,\"store_locator_name_string\":\"\",\"store_locator_not_found_message\":\"\",\"sl_stroke_color\":\"\",\"sl_stroke_opacity\":\"\",\"sl_fill_color\":\"\",\"sl_fill_opacity\":\"\",\"wpgmza_map_align\":\"1\",\"jump_to_nearest_marker_on_initialization\":false,\"automatically_pan_to_users_location\":false,\"override_users_location_zoom_level\":false,\"override_users_location_zoom_levels\":\"\",\"show_distance_from_location\":false,\"map_max_zoom\":\"21\",\"map_min_zoom\":\"0\",\"click_open_link\":false,\"fit_maps_bounds_to_markers\":false,\"fit_maps_bounds_to_markers_after_filtering\":false,\"hide_point_of_interest\":false,\"wpgmza_zoom_on_marker_click\":false,\"wpgmza_zoom_on_marker_click_slider\":\"\",\"close_infowindow_on_map_click\":false,\"disable_lightbox_images\":false,\"use_Raw_Jpeg_Coordinates\":false,\"polygon_labels\":false,\"disable_polygon_info_windows\":false,\"enable_marker_ratings\":false,\"enable_marker_labels\":false,\"only_load_markers_within_viewport\":false,\"zoom_level_mobile_override_enabled\":false,\"zoom_level_mobile_override\":\"\",\"iw_primary_color\":\"#000000\",\"iw_accent_color\":\"#000000\",\"iw_text_color\":\"#000000\",\"wpgmza_listmarkers_by\":\"0\",\"wpgmza_marker_listing_position\":false,\"wpgmza_push_in_map\":false,\"wpgmza_push_in_map_placement\":null,\"wpgmza_push_in_map_width\":\"\",\"wpgmza_push_in_map_height\":\"\",\"zoom_level_on_marker_listing_override\":false,\"zoom_level_on_marker_listing_click\":\"\",\"marker_listing_disable_zoom\":false,\"datatable_no_result_message\":\"\",\"remove_search_box_datables\":false,\"dataTable_pagination_style\":null,\"datatable_search_string\":\"\",\"datatable_result_start\":\"\",\"datatable_result_of\":\"\",\"datatable_result_to\":\"\",\"datatable_result_total\":\"\",\"datatable_result_show\":\"\",\"datatable_result_entries\":\"\",\"wpgmza_savemap\":\"Karte speichern \\u00bb\"}}' data-map-id='1' Data-maps-engine='' data-shortcode-attributes='{\"id\":\"1\"}' style=\"display:block; overflow:auto; width:736px; height:200px; float:left;\"><\/div>\n<p>&nbsp;<\/p>\n<p><strong>Anschrift:<\/strong><br \/>\nK\u00d6HV Nordgau Wien<br \/>\nW\u00e4hringer Stra\u00dfe 2-4 (Eingang Kolingasse 2)<br \/>\nA-1090 Wien<br \/>\nTelefon und Fax:\u00a001 \/ 922 76 97<br \/>\nE-Mail:\u00a0<a href=\"mailto:info@nordgau.at\">info@nordgau.at<\/a><\/p>\n<p><strong>Bankverbindung Aktivitas:<\/strong><br \/>\nRaiffeisenlandesbank N\u00d6-Wien AG<br \/>\nIBAN: AT24 3200 0000 1016 2535<br \/>\nBIC: RLNWATWW<\/p>\n<p><strong>Bankverbindung Altherrenschaft:<\/strong><br \/>\nSchelhammer &amp; Schattera AG<br \/>\nIBAN: AT52 1919 0000 0015 4377<br \/>\nBIC: BSSWATWW<\/p>\n<p><strong>ZVR-Nummer:<\/strong><br \/>\n228488884<\/p>\n<p><strong>Webmaster:<\/strong><br \/>\n<a href=\"mailto:webmaster@nordgau.at\">webmaster@nordgau.at<\/a><\/p>\n","protected":false},"excerpt":{"rendered":"<p>&nbsp; Anschrift: K\u00d6HV Nordgau Wien W\u00e4hringer Stra\u00dfe 2-4 (Eingang Kolingasse 2) A-1090 Wien Telefon und Fax:\u00a001 \/ 922 76 97 E-Mail:\u00a0info@nordgau.at Bankverbindung Aktivitas: Raiffeisenlandesbank N\u00d6-Wien AG IBAN: AT24 3200 0000 1016 2535 BIC: RLNWATWW Bankverbindung Altherrenschaft: Schelhammer &amp; Schattera AG IBAN: AT52 1919 0000 0015 4377 BIC: BSSWATWW ZVR-Nummer: 228488884 Webmaster: webmaster@nordgau.at<\/p>\n","protected":false},"author":1,"featured_media":0,"parent":0,"menu_order":300,"comment_status":"closed","ping_status":"open","template":"","meta":{"footnotes":""},"class_list":["post-1949","page","type-page","status-publish","hentry"],"_links":{"self":[{"href":"https:\/\/www.nordgau.at\/index.php?rest_route=\/wp\/v2\/pages\/1949"}],"collection":[{"href":"https:\/\/www.nordgau.at\/index.php?rest_route=\/wp\/v2\/pages"}],"about":[{"href":"https:\/\/www.nordgau.at\/index.php?rest_route=\/wp\/v2\/types\/page"}],"author":[{"embeddable":true,"href":"https:\/\/www.nordgau.at\/index.php?rest_route=\/wp\/v2\/users\/1"}],"replies":[{"embeddable":true,"href":"https:\/\/www.nordgau.at\/index.php?rest_route=%2Fwp%2Fv2%2Fcomments&post=1949"}],"version-history":[{"count":37,"href":"https:\/\/www.nordgau.at\/index.php?rest_route=\/wp\/v2\/pages\/1949\/revisions"}],"predecessor-version":[{"id":2326,"href":"https:\/\/www.nordgau.at\/index.php?rest_route=\/wp\/v2\/pages\/1949\/revisions\/2326"}],"wp:attachment":[{"href":"https:\/\/www.nordgau.at\/index.php?rest_route=%2Fwp%2Fv2%2Fmedia&parent=1949"}],"curies":[{"name":"wp","href":"https:\/\/api.w.org\/{rel}","templated":true}]}}