{"id":2008,"date":"2014-01-02T12:06:06","date_gmt":"2014-01-02T10:06:06","guid":{"rendered":"http:\/\/2013.nordgau.at\/?page_id=2008"},"modified":"2018-05-25T22:42:37","modified_gmt":"2018-05-25T20:42:37","slug":"impressum","status":"publish","type":"page","link":"https:\/\/www.nordgau.at\/?page_id=2008","title":{"rendered":"Impressum"},"content":{"rendered":"<table border=\"0\" width=\"100%\">\n<tbody>\n<tr>\n<td valign=\"top\" width=\"50%\"><strong>K\u00d6HV Nordgau Wien im \u00d6CV<\/strong><br \/>\nW\u00e4hringer Stra\u00dfe 2-4<br \/>\n(Eingang Kolingasse 2)<br \/>\nA-1090 Wien<br \/>\nTelefon und Fax: 01 \/ 922 76 97<br \/>\nEmail: <a href=\"mailto:webmaster@nordgau.at\">webmaster@nordgau.at<\/a><\/td>\n<td valign=\"top\" width=\"50%\">Inhaltlich Verantwortlicher gem\u00e4\u00df<br \/>\n\u00a7 6 MDStV: K\u00d6HV Nordgau Wien im \u00d6CV<br \/>\nWebhosting durch: world4you Internet Service GmbH, LinzDesign auf Basis des\u00a0Quiescent HTML-Templates<br \/>\nder Firma Stylish Design &amp; Templates SDT UG<br \/>\nWeitere Details: <a href=\"http:\/\/www.stylish-templates.de\/\">http:\/\/www.stylish-templates.de\/<\/a><\/td>\n<\/tr>\n<\/tbody>\n<\/table>\n<h3><\/h3>\n<h3><strong>Datenschutzerkl\u00e4rung<\/strong><\/h3>\n<p><strong>Anonyme Datenerhebung<\/strong><br \/>\nSie k\u00f6nnen unsere Webseiten grunds\u00e4tzlich besuchen, ohne uns mitzuteilen, wer Sie sind. Wir erfahren nur den Namen Ihres Internet Service Providers, die Webseite, von der aus Sie uns besuchen, und die Webseiten, die Sie bei uns besuchen. Diese Informationen werden zu statistischen Zwecken ausgewertet. Sie bleiben als einzelner Nutzer hierbei anonym.<\/p>\n<p><strong>Nutzung und Weitergabe personenbezogener Daten<\/strong><br \/>\nDie im Rahmen der Webseiten von uns erhobenen personenbezogenen Daten werden ohne Ihre Einwilligung nur zur d Bearbeitung Ihrer Anfragen genutzt. Dar\u00fcber hinaus erfolgt eine Nutzung Ihrer Daten f\u00fcr Zwecke der Werbung und Marktforschung sowie zur bedarfsgerechten Gestaltung der elektronischen Dienste von uns nur, wenn Sie hierzu zuvor Ihre Einwilligung erteilt haben. Die Nutzung Ihrer Daten f\u00fcr pers\u00f6nlich auf Sie zugeschnittene Werbung erfolgt ebenfalls nur im Falle Ihrer Einwilligung. Es findet keine Weitergabe Ihrer Daten an Dritte statt. Ihre jeweilige Einwilligung k\u00f6nnen Sie selbstverst\u00e4ndlich jederzeit mit Wirkung f\u00fcr die Zukunft widerrufen.<\/p>\n<p><strong>Weitere Informationen und Kontakte<\/strong><br \/>\nWenn Sie weitere Fragen zum Thema Datenschutz bei uns haben, wenden Sie sich bitte direkt an uns. Die Kontaktadresse finden Sie oben auf dieser Seite. Dort k\u00f6nnen Sie erfragen, welche Ihrer Daten bei uns gespeichert sind. Dar\u00fcber hinaus k\u00f6nnen Sie Ausk\u00fcnfte, L\u00f6schungs- und Berichtigungsw\u00fcnsche zu Ihren Daten und gerne auch Anregungen jederzeit per E-Mail oder Brief an uns senden. Die komplette Adresse von uns finden Sie ebenfalls oben auf dieser Seite.<\/p>\n","protected":false},"excerpt":{"rendered":"<p>K\u00d6HV Nordgau Wien im \u00d6CV W\u00e4hringer Stra\u00dfe 2-4 (Eingang Kolingasse 2) A-1090 Wien Telefon und Fax: 01 \/ 922 76 97 Email: webmaster@nordgau.at Inhaltlich Verantwortlicher gem\u00e4\u00df \u00a7 6 MDStV: K\u00d6HV Nordgau Wien im \u00d6CV Webhosting durch: world4you Internet Service GmbH, LinzDesign auf Basis des\u00a0Quiescent HTML-Templates der Firma Stylish Design &amp; Templates SDT UG Weitere Details: [&hellip;]<\/p>\n","protected":false},"author":1,"featured_media":0,"parent":0,"menu_order":1000,"comment_status":"closed","ping_status":"open","template":"","meta":{"footnotes":""},"class_list":["post-2008","page","type-page","status-publish","hentry"],"_links":{"self":[{"href":"https:\/\/www.nordgau.at\/index.php?rest_route=\/wp\/v2\/pages\/2008"}],"collection":[{"href":"https:\/\/www.nordgau.at\/index.php?rest_route=\/wp\/v2\/pages"}],"about":[{"href":"https:\/\/www.nordgau.at\/index.php?rest_route=\/wp\/v2\/types\/page"}],"author":[{"embeddable":true,"href":"https:\/\/www.nordgau.at\/index.php?rest_route=\/wp\/v2\/users\/1"}],"replies":[{"embeddable":true,"href":"https:\/\/www.nordgau.at\/index.php?rest_route=%2Fwp%2Fv2%2Fcomments&post=2008"}],"version-history":[{"count":5,"href":"https:\/\/www.nordgau.at\/index.php?rest_route=\/wp\/v2\/pages\/2008\/revisions"}],"predecessor-version":[{"id":3512,"href":"https:\/\/www.nordgau.at\/index.php?rest_route=\/wp\/v2\/pages\/2008\/revisions\/3512"}],"wp:attachment":[{"href":"https:\/\/www.nordgau.at\/index.php?rest_route=%2Fwp%2Fv2%2Fmedia&parent=2008"}],"curies":[{"name":"wp","href":"https:\/\/api.w.org\/{rel}","templated":true}]}}