{"id":2033,"date":"2014-01-02T14:56:01","date_gmt":"2014-01-02T12:56:01","guid":{"rendered":"http:\/\/2013.nordgau.at\/?page_id=2033"},"modified":"2014-01-02T17:06:23","modified_gmt":"2014-01-02T15:06:23","slug":"ueber-uns","status":"publish","type":"page","link":"https:\/\/www.nordgau.at\/?page_id=2033","title":{"rendered":"\u00dcber uns"},"content":{"rendered":"<p><strong>Einsam oder gemeinsam das Studium bew\u00e4ltigen?<\/strong><br \/>\nAls Hochschulverbindung setzen sich unsere Mitglieder aus Studenten und Akademikern zusammen. Jedes Mitglied ist angehalten, seine akademische Ausbildung ordentlich und z\u00fcgig zu absolvieren &#8211; unsere Studienkomission \u00fcberpr\u00fcft jedes Semester die Studienleistungen der Bundesbr\u00fcder. Unterst\u00fctzung findet jeder in seinem Studium in Lerngruppen, durch \u00e4ltere Bundesbr\u00fcder der gleichen Studienrichtung oder auch durch die Wahl eines Tutors, der vor allem in der Studieneingangsphase wertvolle Hilfe leisten kann. Zur Orientierung f\u00fcr Studienanf\u00e4nger veranstaltet die K\u00d6HV Nordgau Wien in jedem Jahr eine allgemein zug\u00e4ngliche Studienberatung.<\/p>\n<p><strong>Skills und Zusatzqualifikationen<\/strong><br \/>\n\u00dcber die Leistungen im Studium und sp\u00e4ter im Beruf hinaus sehen wir uns verpflichtet, durch st\u00e4ndige Weiterbildung die neuesten Entwicklungen in Wissenschaft, Gesellschaft, Politik, Kultur und Religion im Auge zu behalten. Neben eigenen Nordgau-Veranstaltungen wie Vortr\u00e4gen, Exkursionen und Seminaren geschieht dies auch im Rahmen der Bildungsakademie des \u00d6sterreichischen Cartellverbandes, die hochqualifizierte Seminare zu Themen wie Bewerbungsstrategien, Rhetorik, NLP oder Wirtschaftsmediation anbietet. Ziel ist es sowohl der Verantwortung als Akademiker in Staat und Gesellschaft gerecht zu werden als auch die individuelle &#8222;Wettbewerbsf\u00e4higkeit&#8220; zu steigern.<\/p>\n<p><strong>K.\u00d6.H.V. \u2013 Vier Grundlagen der Verbindung<br \/>\n<\/strong>Die Verbindung und dar\u00fcber hinaus der \u00d6sterreichische Cartellverband bilden ein Netzwerk von 12.000 Studierenden und Akademikern \u2013 verbunden durch das br\u00fcderliche \u201eDu\u201c und die gleichen vier Prinzipien:<\/p>\n<p><strong>K \u2013 Katholisch (RELIGIO)<\/strong>\u00a0steht f\u00fcr unser Bekenntnis zu Lehre der r\u00f6misch-katholischen Kirche, insbesondere der katholischen Soziallehre. In Sachfragen behalten wir uns jedoch eine unabh\u00e4ngige Meinungsbildung vor.<br \/>\n<strong>\u00d6 \u2013 \u00d6sterreich (PATRIA)<\/strong>\u00a0steht f\u00fcr unser Bekenntnis zur Republik \u00d6sterreich als souver\u00e4nem Staat im Herzen Europas und f\u00fcr die Bejahung seiner demokratischen Grundordnung.<br \/>\n<strong>H \u2013 Hochschule (SCIENTIA)<\/strong>\u00a0steht f\u00fcr unser Streben im Studium und unseren Blick \u00fcber die Grenzen unseres Faches hinaus \u2013 ein Leben lang.<br \/>\n<strong>V \u2013 Verbindung (AMICITIA)<\/strong>\u00a0steht f\u00fcr die Lebenslange Freundschaft, die alle unsere Bundesbr\u00fcder miteinander verbindet.<\/p>\n<p><strong>Die K.\u00d6.H.V. Nordgau Wien &#8230;<br \/>\n<\/strong>Auf dem Burschenkonvent der Austria Wien im Dezember 1899 regte der Alte Herr Univ. Prof. Dr. Albert ERHARD die Gr\u00fcndung einer Korporation zur Sammlung der katholischen Studenten aus den Kronl\u00e4ndern B\u00f6hmen, M\u00e4hren und \u00d6sterreichisch-Schlesien (die heutige Tschechische Republik), eben den \u201en\u00f6rdlichen Gauen\u201c der Donaumonarchie, an. Seit unserer Gr\u00fcndung am 26. M\u00e4rz 1900 kennzeichnet diese \u00fcber die heutigen Grenzen \u00d6sterreichs hinaus weisende Bestimmung den Einsatz der Nordgauer f\u00fcr \u00d6sterreich und Europa.<\/p>\n<p><strong>&#8230; und der \u00d6CV<br \/>\n<\/strong>Im Jahre 1933 erkl\u00e4rten Nordgau und die anderen \u00f6sterreichischen Hochschulverbindungen wegen der nationalsozialistischen Gleichschaltung des damaligen Dachverbands im Deutschen Reich ihren Austritt aus dem Cartellverband (CV) und gr\u00fcndeten ihrerseits den \u00d6sterreichischen Cartellverband (\u00d6CV). Nach Jahren der Verfolgung (24 Bundes- und Cartellbr\u00fcder sind im Freiheitskampf gegen das NS-Regime gefallen) wurde 1946 die Verbindung von denen wiedergegr\u00fcndet, die unserer Gemeinschaft und dem Vaterland auch in dieser schweren Zeit treu geblieben sind. Heute trifft man in unserer Verbindung Mitglieder aus allen Teilen \u00d6sterreichs und aus allen Studienrichtungen. Als \u00e4u\u00dferes Zeichen unserer Zugeh\u00f6rigkeit tragen wir Band und Deckel (M\u00fctze); dies entstammt der Tradition der \u201eFarbstudenten\u201c.<\/p>\n<p>mehr zum \u00d6CV:\u00a0<a href=\"http:\/\/www.oecv.at\/\" target=\"_blank\">http:\/\/www.oecv.at<\/a><\/p>\n","protected":false},"excerpt":{"rendered":"<p>Einsam oder gemeinsam das Studium bew\u00e4ltigen? Als Hochschulverbindung setzen sich unsere Mitglieder aus Studenten und Akademikern zusammen. Jedes Mitglied ist angehalten, seine akademische Ausbildung ordentlich und z\u00fcgig zu absolvieren &#8211; unsere Studienkomission \u00fcberpr\u00fcft jedes Semester die Studienleistungen der Bundesbr\u00fcder. Unterst\u00fctzung findet jeder in seinem Studium in Lerngruppen, durch \u00e4ltere Bundesbr\u00fcder der gleichen Studienrichtung oder auch [&hellip;]<\/p>\n","protected":false},"author":1,"featured_media":0,"parent":0,"menu_order":400,"comment_status":"closed","ping_status":"open","template":"","meta":{"footnotes":""},"class_list":["post-2033","page","type-page","status-publish","hentry"],"_links":{"self":[{"href":"https:\/\/www.nordgau.at\/index.php?rest_route=\/wp\/v2\/pages\/2033"}],"collection":[{"href":"https:\/\/www.nordgau.at\/index.php?rest_route=\/wp\/v2\/pages"}],"about":[{"href":"https:\/\/www.nordgau.at\/index.php?rest_route=\/wp\/v2\/types\/page"}],"author":[{"embeddable":true,"href":"https:\/\/www.nordgau.at\/index.php?rest_route=\/wp\/v2\/users\/1"}],"replies":[{"embeddable":true,"href":"https:\/\/www.nordgau.at\/index.php?rest_route=%2Fwp%2Fv2%2Fcomments&post=2033"}],"version-history":[{"count":3,"href":"https:\/\/www.nordgau.at\/index.php?rest_route=\/wp\/v2\/pages\/2033\/revisions"}],"predecessor-version":[{"id":2049,"href":"https:\/\/www.nordgau.at\/index.php?rest_route=\/wp\/v2\/pages\/2033\/revisions\/2049"}],"wp:attachment":[{"href":"https:\/\/www.nordgau.at\/index.php?rest_route=%2Fwp%2Fv2%2Fmedia&parent=2033"}],"curies":[{"name":"wp","href":"https:\/\/api.w.org\/{rel}","templated":true}]}}