{"id":2038,"date":"2014-01-02T16:17:59","date_gmt":"2014-01-02T14:17:59","guid":{"rendered":"http:\/\/2013.nordgau.at\/?page_id=2038"},"modified":"2015-03-02T19:19:33","modified_gmt":"2015-03-02T17:19:33","slug":"stenogramm","status":"publish","type":"page","link":"https:\/\/www.nordgau.at\/?page_id=2038","title":{"rendered":"Stenogramm"},"content":{"rendered":"<p><strong>katholisch &#8211; \u00f6sterreichisch &#8211; farbtragend &#8211; nichtschlagend<\/strong><\/p>\n<p><strong>Farben:<br \/>\n<\/strong>Burschenband: violett-wei\u00df-gold mit silberner Perkussion<br \/>\nFuchsenband: violett-wei\u00df mit silberner Perkussion<\/p>\n<p><strong>Deckel:<br \/>\n<\/strong>gelbe Tuchm\u00fctze im Halbschlapp-Format<\/p>\n<p><strong>Wahlspruch:<br \/>\n<\/strong>Vaterland und Glaube!<\/p>\n<p><strong>Gr\u00fcndungstag:<br \/>\n<\/strong>26. M\u00e4rz 1900<\/p>\n<p><strong>Aufnahme in den \u00d6CV:<br \/>\n<\/strong>1906<\/p>\n<p><strong>Mutterverbindung:<br \/>\n<\/strong><a href=\"http:\/\/www.austria-wien.at\/\" target=\"_blank\">K.\u00d6.St.V. Austria Wien<\/a>,\u00a0Rathausplatz 3,\u00a0A-1010 Wien<\/p>\n<p><strong>Schwesterverbindungen:<br \/>\n<\/strong><a href=\"http:\/\/www.rudolfina.at\/\" target=\"_blank\">K.\u00d6.St.V. Rudolfina Wien<\/a>,\u00a0Lenaugasse 3,\u00a0A-1080 Wien<br \/>\n<a href=\"http:\/\/www.kuernberg.at\/\" target=\"_blank\">K.\u00d6.St.V. K\u00fcrnberg Wien<\/a>,\u00a0Lerchenfelderstra\u00dfe 14,\u00a0A-1080 Wien<br \/>\n<a href=\"http:\/\/www.aargau.at\/\" target=\"_blank\">K.\u00d6.St.V. Aargau Wien<\/a>,\u00a0Lerchenfelderstra\u00dfe 14\/6,\u00a0A-1080 Wien<br \/>\n<a href=\"http:\/\/www.nibelungia.at\/\" target=\"_blank\">K.\u00d6.St.V. Nibelungia Wien<\/a>,\u00a0Breite Gasse 16,\u00a0A-1071 Wien<\/p>\n<p><strong>Tochterverbindungen:<br \/>\n<\/strong><a href=\"http:\/\/www.alpenland.or.at\/\" target=\"_blank\">K.\u00d6.H.V. Alpenland Wien<\/a>,\u00a0Schl\u00f6sselgasse 19\/3,\u00a0A-1080 Wien<br \/>\n<a href=\"http:\/\/www.nordgau.de\/\" target=\"_blank\">K.D.St.V. Nordgau-Prag zu Koblenz<\/a>,\u00a0Johannesstra\u00dfe 36,\u00a0D-56070 Koblenz<\/p>\n<p><strong>Freundschaftsverbindungen:<\/strong><br \/>\n<a href=\"http:\/\/www.ferdinandea.de\/\" target=\"_blank\">K.D.St.V. Ferdinandea-Prag zu Heidelberg<\/a>,\u00a0Graimbergweg 4,\u00a0D-69117 Heidelberg<br \/>\n<a href=\"http:\/\/www.s-b.at\/\" target=\"_blank\">K.A.V. Saxo-Bavaria Prag in Wien<\/a>, Lerchenfelderstra\u00dfe 14\/9-10,\u00a0A-1080 Wien<br \/>\n<a href=\"http:\/\/www.waltharia.at\/\" target=\"_blank\">K.\u00d6.H.V. S\u00e4ngerschaft Waltharia Wien<\/a>, Burggasse 54-52\/4a,\u00a0A-1070 Wien<br \/>\n<a href=\"http:\/\/www.mercuria.org\/\" target=\"_blank\">K.\u00d6.H.V. Mercuria Wien<\/a>,\u00a0Himmelpfortstiege 1,\u00a0A-1090 Wien<br \/>\n<a href=\"http:\/\/www.capitolina.net\/\" target=\"_blank\">K.A.V. Capitolina Rom<\/a>,\u00a0Via di Tor Millina 35,\u00a000186 Roma,\u00a0Italien<\/p>\n","protected":false},"excerpt":{"rendered":"<p>katholisch &#8211; \u00f6sterreichisch &#8211; farbtragend &#8211; nichtschlagend Farben: Burschenband: violett-wei\u00df-gold mit silberner Perkussion Fuchsenband: violett-wei\u00df mit silberner Perkussion Deckel: gelbe Tuchm\u00fctze im Halbschlapp-Format Wahlspruch: Vaterland und Glaube! Gr\u00fcndungstag: 26. M\u00e4rz 1900 Aufnahme in den \u00d6CV: 1906 Mutterverbindung: K.\u00d6.St.V. Austria Wien,\u00a0Rathausplatz 3,\u00a0A-1010 Wien Schwesterverbindungen: K.\u00d6.St.V. Rudolfina Wien,\u00a0Lenaugasse 3,\u00a0A-1080 Wien K.\u00d6.St.V. K\u00fcrnberg Wien,\u00a0Lerchenfelderstra\u00dfe 14,\u00a0A-1080 Wien K.\u00d6.St.V. Aargau [&hellip;]<\/p>\n","protected":false},"author":1,"featured_media":0,"parent":2033,"menu_order":0,"comment_status":"closed","ping_status":"open","template":"","meta":{"footnotes":""},"class_list":["post-2038","page","type-page","status-publish","hentry"],"_links":{"self":[{"href":"https:\/\/www.nordgau.at\/index.php?rest_route=\/wp\/v2\/pages\/2038"}],"collection":[{"href":"https:\/\/www.nordgau.at\/index.php?rest_route=\/wp\/v2\/pages"}],"about":[{"href":"https:\/\/www.nordgau.at\/index.php?rest_route=\/wp\/v2\/types\/page"}],"author":[{"embeddable":true,"href":"https:\/\/www.nordgau.at\/index.php?rest_route=\/wp\/v2\/users\/1"}],"replies":[{"embeddable":true,"href":"https:\/\/www.nordgau.at\/index.php?rest_route=%2Fwp%2Fv2%2Fcomments&post=2038"}],"version-history":[{"count":8,"href":"https:\/\/www.nordgau.at\/index.php?rest_route=\/wp\/v2\/pages\/2038\/revisions"}],"predecessor-version":[{"id":2297,"href":"https:\/\/www.nordgau.at\/index.php?rest_route=\/wp\/v2\/pages\/2038\/revisions\/2297"}],"up":[{"embeddable":true,"href":"https:\/\/www.nordgau.at\/index.php?rest_route=\/wp\/v2\/pages\/2033"}],"wp:attachment":[{"href":"https:\/\/www.nordgau.at\/index.php?rest_route=%2Fwp%2Fv2%2Fmedia&parent=2038"}],"curies":[{"name":"wp","href":"https:\/\/api.w.org\/{rel}","templated":true}]}}