{"id":2040,"date":"2014-01-02T16:19:34","date_gmt":"2014-01-02T14:19:34","guid":{"rendered":"http:\/\/2013.nordgau.at\/?page_id=2040"},"modified":"2014-01-02T16:40:42","modified_gmt":"2014-01-02T14:40:42","slug":"wappen","status":"publish","type":"page","link":"https:\/\/www.nordgau.at\/?page_id=2040","title":{"rendered":"Wappen"},"content":{"rendered":"<p>Die Beschreibung des Wappens Nordgaus folgt den Regeln der Heraldik (obwohl das Wappen nicht ganz den strengen Regeln der Heraldik folgt):<\/p>\n<p><strong>Der Schild ist geviert:<\/strong><br \/>\nim vordersten Viertel in violett ein flammendes, nach oben spitzes Dreieck mit einem darin eingezeichneten Auge<br \/>\nim Viertel dahinter am Spalt: rechts in blau ein bewehrter und bekr\u00f6nter, von rot und gold geschachter Adler, links in gold ein rot bewehrter und bekr\u00f6nter schwarzer Adler mit silberner Fl\u00fcgelspange, die in der Mitte ein Kreuz und am Ende ein dreibl\u00e4ttriges Kleeblatt tr\u00e4gt<br \/>\ndas Viertel rechts unten: in rot ein Schwert, dar\u00fcber ein Buch und ein \u00c4skulapstab<br \/>\ndas hinterste Viertel: in wei\u00df zwei durch einen Kranz aus Blumen hindurch ineinander greifende H\u00e4nde<\/p>\n<p><strong>Der Herzschild:<\/strong><br \/>\nzweimal (von rechts) schr\u00e4ggeteilt, von oben in den Farben violett-wei\u00df-gold, in den Schild ist der Zirkel Nordgaus eingezeichnet<\/p>\n<p><strong>Die Helmdecke:<\/strong><br \/>\nrechts gold-violett, links wei\u00df-violett<\/p>\n<p><strong>Die Helmzier:<\/strong><br \/>\nein rot bewehrter, gold bekr\u00f6nter und schwarz gefl\u00fcgelter wachsender silberner L\u00f6we<\/p>\n<p><img loading=\"lazy\" decoding=\"async\" class=\"aligncenter size-full wp-image-2051\" alt=\"Wappen_NdW\" src=\"http:\/\/2013.nordgau.at\/wp-content\/uploads\/2014\/01\/Wappen_NdW.jpg\" width=\"529\" height=\"501\" srcset=\"https:\/\/www.nordgau.at\/wp-content\/uploads\/2014\/01\/Wappen_NdW.jpg 529w, https:\/\/www.nordgau.at\/wp-content\/uploads\/2014\/01\/Wappen_NdW-300x284.jpg 300w\" sizes=\"(max-width: 529px) 100vw, 529px\" \/><\/p>\n<p><strong>Im Wappen finden sich unsere vier Prinzipien:<br \/>\nreligio:<\/strong> das flammende Auge steht f\u00fcr das allsehende Auge Gottes<br \/>\n<strong>patria:<\/strong> die drei Tiere sind die Wappentiere der ehemaligen Kronl\u00e4nder B\u00f6hmen (silberner L\u00f6we), M\u00e4hren (in blau der rot-gold geschachte Adler) und Schlesien (in gold der schwarze Adler mit silberner Fl\u00fcgelspange), aus denen fr\u00fcher die meisten Nordgauer stammten<br \/>\n<strong>scientia:<\/strong> Buch, Schwert und \u00c4skulapstab symbolisieren das Studententum (zum Schwert: Kaiser Friedrich I. Barbarossa gestattete in der &#8222;authentica habita&#8220; den Akademikern als Zeichen ihres Standes das Waffentragen)<br \/>\n<strong>amicitia:<\/strong> die beiden ineinander greifenden H\u00e4nde<\/p>\n","protected":false},"excerpt":{"rendered":"<p>Die Beschreibung des Wappens Nordgaus folgt den Regeln der Heraldik (obwohl das Wappen nicht ganz den strengen Regeln der Heraldik folgt): Der Schild ist geviert: im vordersten Viertel in violett ein flammendes, nach oben spitzes Dreieck mit einem darin eingezeichneten Auge im Viertel dahinter am Spalt: rechts in blau ein bewehrter und bekr\u00f6nter, von rot [&hellip;]<\/p>\n","protected":false},"author":1,"featured_media":0,"parent":2033,"menu_order":0,"comment_status":"closed","ping_status":"open","template":"","meta":{"footnotes":""},"class_list":["post-2040","page","type-page","status-publish","hentry"],"_links":{"self":[{"href":"https:\/\/www.nordgau.at\/index.php?rest_route=\/wp\/v2\/pages\/2040"}],"collection":[{"href":"https:\/\/www.nordgau.at\/index.php?rest_route=\/wp\/v2\/pages"}],"about":[{"href":"https:\/\/www.nordgau.at\/index.php?rest_route=\/wp\/v2\/types\/page"}],"author":[{"embeddable":true,"href":"https:\/\/www.nordgau.at\/index.php?rest_route=\/wp\/v2\/users\/1"}],"replies":[{"embeddable":true,"href":"https:\/\/www.nordgau.at\/index.php?rest_route=%2Fwp%2Fv2%2Fcomments&post=2040"}],"version-history":[{"count":3,"href":"https:\/\/www.nordgau.at\/index.php?rest_route=\/wp\/v2\/pages\/2040\/revisions"}],"predecessor-version":[{"id":2052,"href":"https:\/\/www.nordgau.at\/index.php?rest_route=\/wp\/v2\/pages\/2040\/revisions\/2052"}],"up":[{"embeddable":true,"href":"https:\/\/www.nordgau.at\/index.php?rest_route=\/wp\/v2\/pages\/2033"}],"wp:attachment":[{"href":"https:\/\/www.nordgau.at\/index.php?rest_route=%2Fwp%2Fv2%2Fmedia&parent=2040"}],"curies":[{"name":"wp","href":"https:\/\/api.w.org\/{rel}","templated":true}]}}