{"id":2066,"date":"2014-01-02T16:54:17","date_gmt":"2014-01-02T14:54:17","guid":{"rendered":"http:\/\/2013.nordgau.at\/?page_id=2066"},"modified":"2014-01-02T16:58:07","modified_gmt":"2014-01-02T14:58:07","slug":"nordgau-das-naechste-jahrhundert","status":"publish","type":"page","link":"https:\/\/www.nordgau.at\/?page_id=2066","title":{"rendered":"Das n\u00e4chste Jahrhundert"},"content":{"rendered":"<p>Auch als \u00fcber 100j\u00e4hriger bleibt der Nordgau aktiv. 2003\/2004 \u00fcbernahm die Verbindung den Vorsitz im Wiener Cartellverband\u00a0 &#8211; mit Hans-Joachim Sorger als Pr\u00e4sidenten, 2004\/2005 beteiligte sich Nordgau mit mehreren Bundesbr\u00fcdern, darunter dem Vizepr\u00e4sidenten Gerhard Labsch\u00fctz, am Vorort Wien, beide Male zu einer Zeit, wo keine andere Verbindung Verantwortung \u00fcbernehmen wollte. Eine vom WCV-Vorsitz im Herbst 2003 organisierte Podiumsdiskussion mit f\u00fchrenden Vertretern aller drei gro\u00dfen monotheistischen Religionen zum Gottesbezug in der Verfassung fand gro\u00dfen R\u00fcckhall sowohl in den Printmedien als auch im ORF. \u00a0Das 105. Stiftungsfest konnte Nordgau mit dem Jubelsenior Florian Pejrimovsky mit seinen beiden Tochterverbindungen Nordgau Prag, nunmehr in Koblenz beheimatet, und Alpenland Wien in der B\u00f6rse feiern. Im November 2005 zeichnete Nordgau seinen Philistersenior Mag. Johann Schmid mit der \u2013 bei Nordgau nur selten verliehenen &#8211;\u00a0 W\u00fcrde eines Doctor cerevisiae et vini aus. Ein letzter H\u00f6hepunkt war im Mai 2006 der Couleurausflug nach Liechtenstein anl\u00e4sslich des 100. Geburtstages von F\u00fcrst Franz Josef II., bei dem die Verbindung auch durch F\u00fcrst Hans Adam II., ebenfalls Mitglied der Verbindung, freundlich empfangen wurde. Mit dieser Ankn\u00fcpfung an die gro\u00dfen Traditionen Nordgaus ist die Verbindung auch bereit, das zweite Jahrhundert ihres Bestandes erfolgreich zu bew\u00e4ltigen.<\/p>\n","protected":false},"excerpt":{"rendered":"<p>Auch als \u00fcber 100j\u00e4hriger bleibt der Nordgau aktiv. 2003\/2004 \u00fcbernahm die Verbindung den Vorsitz im Wiener Cartellverband\u00a0 &#8211; mit Hans-Joachim Sorger als Pr\u00e4sidenten, 2004\/2005 beteiligte sich Nordgau mit mehreren Bundesbr\u00fcdern, darunter dem Vizepr\u00e4sidenten Gerhard Labsch\u00fctz, am Vorort Wien, beide Male zu einer Zeit, wo keine andere Verbindung Verantwortung \u00fcbernehmen wollte. Eine vom WCV-Vorsitz im Herbst [&hellip;]<\/p>\n","protected":false},"author":1,"featured_media":0,"parent":2053,"menu_order":2000,"comment_status":"closed","ping_status":"open","template":"","meta":{"footnotes":""},"class_list":["post-2066","page","type-page","status-publish","hentry"],"_links":{"self":[{"href":"https:\/\/www.nordgau.at\/index.php?rest_route=\/wp\/v2\/pages\/2066"}],"collection":[{"href":"https:\/\/www.nordgau.at\/index.php?rest_route=\/wp\/v2\/pages"}],"about":[{"href":"https:\/\/www.nordgau.at\/index.php?rest_route=\/wp\/v2\/types\/page"}],"author":[{"embeddable":true,"href":"https:\/\/www.nordgau.at\/index.php?rest_route=\/wp\/v2\/users\/1"}],"replies":[{"embeddable":true,"href":"https:\/\/www.nordgau.at\/index.php?rest_route=%2Fwp%2Fv2%2Fcomments&post=2066"}],"version-history":[{"count":2,"href":"https:\/\/www.nordgau.at\/index.php?rest_route=\/wp\/v2\/pages\/2066\/revisions"}],"predecessor-version":[{"id":2073,"href":"https:\/\/www.nordgau.at\/index.php?rest_route=\/wp\/v2\/pages\/2066\/revisions\/2073"}],"up":[{"embeddable":true,"href":"https:\/\/www.nordgau.at\/index.php?rest_route=\/wp\/v2\/pages\/2053"}],"wp:attachment":[{"href":"https:\/\/www.nordgau.at\/index.php?rest_route=%2Fwp%2Fv2%2Fmedia&parent=2066"}],"curies":[{"name":"wp","href":"https:\/\/api.w.org\/{rel}","templated":true}]}}